



{"id":3,"date":"2022-06-28T14:44:58","date_gmt":"2022-06-28T14:44:58","guid":{"rendered":"https:\/\/criptonareal.com.br\/?page_id=3"},"modified":"2025-05-27T11:22:03","modified_gmt":"2025-05-27T14:22:03","slug":"politica-de-privacidade","status":"publish","type":"page","link":"https:\/\/criptonareal.com.br\/?page_id=3","title":{"rendered":"Pol\u00edtica de Privacidade"},"content":{"rendered":"\t\t<div data-elementor-type=\"wp-page\" data-elementor-id=\"3\" class=\"elementor elementor-3\" data-elementor-post-type=\"page\">\n\t\t\t\t<div class=\"elementor-element elementor-element-4038e76 e-flex e-con-boxed e-con e-parent\" data-id=\"4038e76\" data-element_type=\"container\" data-settings=\"{&quot;background_background&quot;:&quot;classic&quot;}\">\n\t\t\t\t\t<div class=\"e-con-inner\">\n\t\t\t\t<div class=\"elementor-element elementor-element-596d65b elementor-widget elementor-widget-text-editor\" data-id=\"596d65b\" data-element_type=\"widget\" data-widget_type=\"text-editor.default\">\n\t\t\t\t\t\t\t\t\t<p>Pol\u00edtica de Privacidade<\/p>\t\t\t\t\t\t\t\t<\/div>\n\t\t\t\t<div class=\"elementor-element elementor-element-ff2037c elementor-widget elementor-widget-text-editor\" data-id=\"ff2037c\" data-element_type=\"widget\" data-widget_type=\"text-editor.default\">\n\t\t\t\t\t\t\t\t\tEsta p\u00e1gina foi atualizada em 04\/09\/2024\t\t\t\t\t\t\t\t<\/div>\n\t\t\t\t<div class=\"elementor-element elementor-element-b6a6f42 elementor-widget elementor-widget-text-editor\" data-id=\"b6a6f42\" data-element_type=\"widget\" data-widget_type=\"text-editor.default\">\n\t\t\t\t\t\t\t\t\t<p><strong>1. Informa\u00e7\u00f5es Coletadas<\/strong><br \/>Quando voc\u00ea visita o site Cripto na Real, podemos coletar certas informa\u00e7\u00f5es pessoais e n\u00e3o pessoais:\u00a0<\/p>\n<ul>\n<li>Informa\u00e7\u00f5es Pessoais: Nome, e-mail e outras informa\u00e7\u00f5es que voc\u00ea nos fornecer voluntariamente, como por meio de formul\u00e1rios de contato.<\/li>\n<li>Informa\u00e7\u00f5es N\u00e3o Pessoais: Dados de navega\u00e7\u00e3o, como endere\u00e7o IP, tipo de navegador e sistema operacional.<\/li>\n<\/ul>\n<div>\u00a0<\/div>\n<p><strong>2. Uso das Informa\u00e7\u00f5es<\/strong><br \/>As informa\u00e7\u00f5es coletadas s\u00e3o usadas para:<\/p>\n<ul>\n<li>Melhorar a experi\u00eancia do usu\u00e1rio.<\/li>\n<li>Fornecer respostas a solicita\u00e7\u00f5es feitas por meio de nosso site.<\/li>\n<li>Enviar comunica\u00e7\u00f5es promocionais e informativas (com a possibilidade de optar por n\u00e3o receb\u00ea-las).<\/li>\n<\/ul>\n<div>\u00a0<\/div>\n<p><strong>3. Compartilhamento de Informa\u00e7\u00f5es<\/strong><br \/>N\u00e3o vendemos, alugamos ou compartilhamos suas informa\u00e7\u00f5es pessoais com terceiros, exceto:<\/p>\n<ul>\n<li>Quando exigido por lei.<\/li>\n<li>Para proteger nossos direitos e propriedade.<\/li>\n<\/ul>\n<div>\u00a0<\/div>\n<p><strong>4. Processamento de Pagamentos com a Hotmart<\/strong><br \/>Todos os pagamentos realizados no site Cripto na Real s\u00e3o processados de forma segura pela Hotmart, nossa parceira na gest\u00e3o de pagamentos digitais. A Hotmart adota medidas rigorosas de seguran\u00e7a para proteger suas informa\u00e7\u00f5es financeiras, como criptografia de dados, e \u00e9 respons\u00e1vel por garantir que suas transa\u00e7\u00f5es sejam realizadas de maneira segura e eficiente. Seus dados de pagamento s\u00e3o compartilhados com a Hotmart unicamente para fins de processamento da compra. Para mais informa\u00e7\u00f5es sobre como a Hotmart trata seus dados, consulte a Pol\u00edtica de Privacidade da Hotmart.<\/p>\n<p><strong>5. Seguran\u00e7a das Informa\u00e7\u00f5es<\/strong><br \/>Adotamos medidas adequadas para proteger suas informa\u00e7\u00f5es pessoais contra acesso n\u00e3o autorizado, perda ou destrui\u00e7\u00e3o. No entanto, \u00e9 importante destacar que nenhuma transmiss\u00e3o pela internet \u00e9 completamente segura.<\/p>\n<p><strong>6. Cookies<\/strong><br \/>Utilizamos cookies para aprimorar a navega\u00e7\u00e3o no site. Cookies s\u00e3o pequenos arquivos de texto armazenados no seu navegador que ajudam a personalizar o conte\u00fado que voc\u00ea visualiza e melhorar sua experi\u00eancia de navega\u00e7\u00e3o. Voc\u00ea pode optar por desativar os cookies, mas isso pode impactar a funcionalidade do site.<\/p>\n<p><strong>7. Direitos do Usu\u00e1rio<\/strong><br \/>Voc\u00ea tem o direito de solicitar acesso, corre\u00e7\u00e3o ou exclus\u00e3o de suas informa\u00e7\u00f5es pessoais armazenadas por n\u00f3s. Para exercer esses direitos, entre em contato pelo nosso e-mail de suporte.<\/p>\n<p><strong>8. Altera\u00e7\u00f5es na Pol\u00edtica de Privacidade<\/strong><br \/>O Cripto na Real pode atualizar esta Pol\u00edtica de Privacidade periodicamente. Recomendamos que revise esta p\u00e1gina regularmente para manter-se informado sobre como protegemos suas informa\u00e7\u00f5es.<\/p>\n<p><strong>9. Contato<\/strong><br \/>Se voc\u00ea tiver d\u00favidas sobre esta Pol\u00edtica de Privacidade, entre em contato conosco por meio do e-mail: suporte@criptonareal.com.br<\/p>\t\t\t\t\t\t\t\t<\/div>\n\t\t\t\t\t<\/div>\n\t\t\t\t<\/div>\n\t\t\t\t<\/div>\n\t\t","protected":false},"excerpt":{"rendered":"<p>Pol\u00edtica de Privacidade Esta p\u00e1gina foi atualizada em 04\/09\/2024 1. Informa\u00e7\u00f5es ColetadasQuando voc\u00ea visita o site Cripto na Real, podemos coletar certas informa\u00e7\u00f5es pessoais e n\u00e3o pessoais:\u00a0 Informa\u00e7\u00f5es Pessoais: Nome, e-mail e outras informa\u00e7\u00f5es que voc\u00ea nos fornecer voluntariamente, como por meio de formul\u00e1rios de contato. Informa\u00e7\u00f5es N\u00e3o Pessoais: Dados de navega\u00e7\u00e3o, como endere\u00e7o IP, [&hellip;]<\/p>\n","protected":false},"author":1,"featured_media":0,"parent":0,"menu_order":0,"comment_status":"closed","ping_status":"closed","template":"elementor_canvas","meta":{"footnotes":""},"class_list":["post-3","page","type-page","status-publish","hentry"],"_links":{"self":[{"href":"https:\/\/criptonareal.com.br\/index.php?rest_route=\/wp\/v2\/pages\/3","targetHints":{"allow":["GET"]}}],"collection":[{"href":"https:\/\/criptonareal.com.br\/index.php?rest_route=\/wp\/v2\/pages"}],"about":[{"href":"https:\/\/criptonareal.com.br\/index.php?rest_route=\/wp\/v2\/types\/page"}],"author":[{"embeddable":true,"href":"https:\/\/criptonareal.com.br\/index.php?rest_route=\/wp\/v2\/users\/1"}],"replies":[{"embeddable":true,"href":"https:\/\/criptonareal.com.br\/index.php?rest_route=%2Fwp%2Fv2%2Fcomments&post=3"}],"version-history":[{"count":19,"href":"https:\/\/criptonareal.com.br\/index.php?rest_route=\/wp\/v2\/pages\/3\/revisions"}],"predecessor-version":[{"id":1366,"href":"https:\/\/criptonareal.com.br\/index.php?rest_route=\/wp\/v2\/pages\/3\/revisions\/1366"}],"wp:attachment":[{"href":"https:\/\/criptonareal.com.br\/index.php?rest_route=%2Fwp%2Fv2%2Fmedia&parent=3"}],"curies":[{"name":"wp","href":"https:\/\/api.w.org\/{rel}","templated":true}]}}